{"id":1488,"date":"2025-01-20T12:16:05","date_gmt":"2025-01-20T12:16:05","guid":{"rendered":"https:\/\/logimaxglobal.com\/home\/"},"modified":"2026-03-25T10:10:49","modified_gmt":"2026-03-25T10:10:49","slug":"home","status":"publish","type":"page","link":"https:\/\/logimaxglobal.com\/es\/","title":{"rendered":"Inicio"},"content":{"rendered":"<div class=\"wp-block-uagb-container uagb-block-0510ccec alignfull uagb-is-root-container\"><div class=\"uagb-container-inner-blocks-wrap\">\n<div class=\"wp-block-uagb-container uagb-block-5cb4b1bf\">\n<div class=\"wp-block-uagb-info-box uagb-block-7368a642 uagb-infobox__content-wrap  uagb-infobox-icon-above-title uagb-infobox-image-valign-top\"><div class=\"uagb-ifb-content\"><div class=\"uagb-ifb-title-wrap\"><h4 class=\"uagb-ifb-title-prefix\">Trade. Sourcing. Supply.<\/h4><h1 class=\"uagb-ifb-title\">Productos estadounidenses y globales para mercados internacionales estrat\u00e9gicos.<\/h1><\/div><p class=\"uagb-ifb-desc\"><strong>LogiMAX estructura soluciones internacionales <\/strong>de abastecimiento en insumos agr\u00edcolas, nutrici\u00f3n animal, materiales de construcci\u00f3n y sourcing industrial.<\/p><div class=\"uagb-ifb-button-wrapper wp-block-button\"><a href=\"https:\/\/logimaxglobal.com\/es\/about-us\/\" class=\"uagb-infobox-cta-link wp-block-button__link\" target=\"_self\" rel=\"noopener noreferrer\" onclick=\"return true;\"><span class=\"uagb-inline-editing\">EXPLORAR SECTORES<\/span><\/a><\/div><\/div><\/div>\n<\/div>\n<\/div><\/div>\n\n\n\n<div class=\"wp-block-uagb-container uagb-block-7b830887 alignfull uagb-is-root-container\"><div class=\"uagb-container-inner-blocks-wrap\">\n<div class=\"wp-block-uagb-advanced-heading uagb-block-c4252b01\"><h2 class=\"uagb-heading-text\"><strong>Sectores Clave<\/strong><\/h2><p class=\"uagb-desc-text\">Identificamos proveedores, estructuramos operaciones de exportaci\u00f3n, coordinamos procesos de sourcing y apoyamos cadenas de suministro transfronterizas para empresas que operan en mercados de alta oportunidad.<\/p><\/div>\n\n\n\n<div class=\"wp-block-uagb-container uagb-block-4d4d48d6\">\n<div class=\"wp-block-uagb-container uagb-block-e35a1fde\">\n<div class=\"wp-block-uagb-image uagb-block-3832d6f9 wp-block-uagb-image--layout-default wp-block-uagb-image--effect-static wp-block-uagb-image--align-none\"><figure class=\"wp-block-uagb-image__figure\"><img decoding=\"async\" srcset=\"https:\/\/logimaxglobal.com\/wp-content\/uploads\/2025\/01\/piensos-animales.jpg ,https:\/\/logimaxglobal.com\/wp-content\/uploads\/2025\/01\/piensos-animales.jpg 780w, https:\/\/logimaxglobal.com\/wp-content\/uploads\/2025\/01\/piensos-animales.jpg 360w\" sizes=\"auto, (max-width: 480px) 150px\" src=\"https:\/\/logimaxglobal.com\/wp-content\/uploads\/2025\/01\/piensos-animales.jpg\" alt=\"\" class=\"uag-image-3308\" width=\"625\" height=\"625\" title=\"piensos-animales\" loading=\"lazy\" role=\"img\"\/><\/figure><\/div>\n\n\n\n<div class=\"wp-block-uagb-info-box uagb-block-318f4bee uagb-infobox__content-wrap  uagb-infobox-icon-above-title uagb-infobox-image-valign-top\"><div class=\"uagb-ifb-content\"><div class=\"uagb-ifb-title-wrap\"><h4 class=\"uagb-ifb-title\"><strong>Nutrici\u00f3n Animal<\/strong><\/h4><\/div><\/div><\/div>\n<\/div>\n\n\n\n<div class=\"wp-block-uagb-container uagb-block-f0fb8981\">\n<div class=\"wp-block-uagb-image uagb-block-f1e7a908 wp-block-uagb-image--layout-default wp-block-uagb-image--effect-static wp-block-uagb-image--align-none\"><figure class=\"wp-block-uagb-image__figure\"><img decoding=\"async\" srcset=\"https:\/\/logimaxglobal.com\/wp-content\/uploads\/2025\/01\/abono.jpg ,https:\/\/logimaxglobal.com\/wp-content\/uploads\/2025\/01\/abono.jpg 780w, https:\/\/logimaxglobal.com\/wp-content\/uploads\/2025\/01\/abono.jpg 360w\" sizes=\"auto, (max-width: 480px) 150px\" src=\"https:\/\/logimaxglobal.com\/wp-content\/uploads\/2025\/01\/abono.jpg\" alt=\"\" class=\"uag-image-3309\" width=\"400\" height=\"400\" title=\"abono\" loading=\"lazy\" role=\"img\"\/><\/figure><\/div>\n\n\n\n<div class=\"wp-block-uagb-info-box uagb-block-c2361e87 uagb-infobox__content-wrap  uagb-infobox-icon-above-title uagb-infobox-image-valign-top\"><div class=\"uagb-ifb-content\"><div class=\"uagb-ifb-title-wrap\"><h4 class=\"uagb-ifb-title\"><strong><strong><strong>Insumos Agr\u00edcolas<\/strong><br><\/strong><\/strong><\/h4><\/div><\/div><\/div>\n<\/div>\n\n\n\n<div class=\"wp-block-uagb-container uagb-block-fb564294\">\n<div class=\"wp-block-uagb-image uagb-block-3dd6604f wp-block-uagb-image--layout-default wp-block-uagb-image--effect-static wp-block-uagb-image--align-none\"><figure class=\"wp-block-uagb-image__figure\"><img decoding=\"async\" srcset=\"https:\/\/logimaxglobal.com\/wp-content\/uploads\/2025\/01\/acero.jpg ,https:\/\/logimaxglobal.com\/wp-content\/uploads\/2025\/01\/acero.jpg 780w, https:\/\/logimaxglobal.com\/wp-content\/uploads\/2025\/01\/acero.jpg 360w\" sizes=\"auto, (max-width: 480px) 150px\" src=\"https:\/\/logimaxglobal.com\/wp-content\/uploads\/2025\/01\/acero.jpg\" alt=\"\" class=\"uag-image-3253\" width=\"400\" height=\"400\" title=\"acero\" loading=\"lazy\" role=\"img\"\/><\/figure><\/div>\n\n\n\n<div class=\"wp-block-uagb-info-box uagb-block-0a431fb6 uagb-infobox__content-wrap  uagb-infobox-icon-above-title uagb-infobox-image-valign-top\"><div class=\"uagb-ifb-content\"><div class=\"uagb-ifb-title-wrap\"><h4 class=\"uagb-ifb-title\">Materiales de Construcci\u00f3n<\/h4><\/div><\/div><\/div>\n<\/div>\n\n\n\n<div class=\"wp-block-uagb-container uagb-block-7e602c15\">\n<div class=\"wp-block-uagb-image uagb-block-e8935190 wp-block-uagb-image--layout-default wp-block-uagb-image--effect-static wp-block-uagb-image--align-none\"><figure class=\"wp-block-uagb-image__figure\"><img decoding=\"async\" srcset=\"https:\/\/logimaxglobal.com\/wp-content\/uploads\/2025\/01\/refrescos.jpg ,https:\/\/logimaxglobal.com\/wp-content\/uploads\/2025\/01\/refrescos.jpg 780w, https:\/\/logimaxglobal.com\/wp-content\/uploads\/2025\/01\/refrescos.jpg 360w\" sizes=\"auto, (max-width: 480px) 150px\" src=\"https:\/\/logimaxglobal.com\/wp-content\/uploads\/2025\/01\/refrescos.jpg\" alt=\"\" class=\"uag-image-3310\" width=\"400\" height=\"400\" title=\"refrescos\" loading=\"lazy\" role=\"img\"\/><\/figure><\/div>\n\n\n\n<div class=\"wp-block-uagb-info-box uagb-block-0de83444 uagb-infobox__content-wrap  uagb-infobox-icon-above-title uagb-infobox-image-valign-top\"><div class=\"uagb-ifb-content\"><div class=\"uagb-ifb-title-wrap\"><h4 class=\"uagb-ifb-title\">Suministro Industrial y Comercial<\/h4><\/div><\/div><\/div>\n<\/div>\n<\/div>\n<\/div><\/div>\n\n\n\n<div class=\"wp-block-uagb-container uagb-block-4bf68d2c alignfull uagb-is-root-container\"><div class=\"uagb-container-inner-blocks-wrap\">\n<div class=\"wp-block-uagb-advanced-heading uagb-block-3f15a6cb\"><h2 class=\"uagb-heading-text\">C\u00f3mo trabajamos<\/h2><p class=\"uagb-desc-text\">Identificaci\u00f3n de proveedores \u00b7 Coordinaci\u00f3n de exportaci\u00f3n \u00b7 Estructuraci\u00f3n comercial \u00b7 Ejecuci\u00f3n de suministro orientada al mercado<\/p><\/div>\n\n\n\n<div class=\"wp-block-uagb-container uagb-block-08b23a9b\">\n<div class=\"wp-block-uagb-image uagb-block-c6862bf4 wp-block-uagb-image--layout-default wp-block-uagb-image--effect-static wp-block-uagb-image--align-none\"><figure class=\"wp-block-uagb-image__figure\"><img decoding=\"async\" srcset=\"https:\/\/logimaxglobal.com\/wp-content\/uploads\/2025\/01\/oficina-logimax.jpg ,https:\/\/logimaxglobal.com\/wp-content\/uploads\/2025\/01\/oficina-logimax.jpg 780w, https:\/\/logimaxglobal.com\/wp-content\/uploads\/2025\/01\/oficina-logimax.jpg 360w\" sizes=\"auto, (max-width: 480px) 150px\" src=\"https:\/\/logimaxglobal.com\/wp-content\/uploads\/2025\/01\/oficina-logimax.jpg\" alt=\"\" class=\"uag-image-3222\" width=\"625\" height=\"625\" title=\"oficina-logimax\" loading=\"lazy\" role=\"img\"\/><\/figure><\/div>\n\n\n\n<div class=\"wp-block-uagb-image uagb-block-1e3c49d5 wp-block-uagb-image--layout-default wp-block-uagb-image--effect-static wp-block-uagb-image--align-none\"><figure class=\"wp-block-uagb-image__figure\"><img decoding=\"async\" srcset=\"https:\/\/logimaxglobal.com\/wp-content\/uploads\/2025\/01\/contenedor-logimax.jpg ,https:\/\/logimaxglobal.com\/wp-content\/uploads\/2025\/01\/contenedor-logimax.jpg 780w, https:\/\/logimaxglobal.com\/wp-content\/uploads\/2025\/01\/contenedor-logimax.jpg 360w\" sizes=\"auto, (max-width: 480px) 150px\" src=\"https:\/\/logimaxglobal.com\/wp-content\/uploads\/2025\/01\/contenedor-logimax.jpg\" alt=\"\" class=\"uag-image-3223\" width=\"625\" height=\"625\" title=\"contenedor-logimax\" loading=\"lazy\" role=\"img\"\/><\/figure><\/div>\n\n\n\n<div class=\"wp-block-uagb-image uagb-block-bc4f23dd wp-block-uagb-image--layout-default wp-block-uagb-image--effect-static wp-block-uagb-image--align-none\"><figure class=\"wp-block-uagb-image__figure\"><img decoding=\"async\" srcset=\"https:\/\/logimaxglobal.com\/wp-content\/uploads\/2025\/01\/escritorio-logimax.jpg ,https:\/\/logimaxglobal.com\/wp-content\/uploads\/2025\/01\/escritorio-logimax.jpg 780w, https:\/\/logimaxglobal.com\/wp-content\/uploads\/2025\/01\/escritorio-logimax.jpg 360w\" sizes=\"auto, (max-width: 480px) 150px\" src=\"https:\/\/logimaxglobal.com\/wp-content\/uploads\/2025\/01\/escritorio-logimax.jpg\" alt=\"\" class=\"uag-image-3224\" width=\"625\" height=\"625\" title=\"escritorio-logimax\" loading=\"lazy\" role=\"img\"\/><\/figure><\/div>\n\n\n\n<div class=\"wp-block-uagb-image uagb-block-11fffcd0 wp-block-uagb-image--layout-default wp-block-uagb-image--effect-static wp-block-uagb-image--align-none\"><figure class=\"wp-block-uagb-image__figure\"><img decoding=\"async\" srcset=\"https:\/\/logimaxglobal.com\/wp-content\/uploads\/2025\/01\/movil-logimax.jpg ,https:\/\/logimaxglobal.com\/wp-content\/uploads\/2025\/01\/movil-logimax.jpg 780w, https:\/\/logimaxglobal.com\/wp-content\/uploads\/2025\/01\/movil-logimax.jpg 360w\" sizes=\"auto, (max-width: 480px) 150px\" src=\"https:\/\/logimaxglobal.com\/wp-content\/uploads\/2025\/01\/movil-logimax.jpg\" alt=\"\" class=\"uag-image-3221\" width=\"625\" height=\"625\" title=\"movil-logimax\" loading=\"lazy\" role=\"img\"\/><\/figure><\/div>\n<\/div>\n\n\n\n<div class=\"wp-block-uagb-buttons uagb-buttons__outer-wrap uagb-btn__default-btn uagb-btn-tablet__default-btn uagb-btn-mobile__default-btn uagb-block-77a31664\"><div class=\"uagb-buttons__wrap uagb-buttons-layout-wrap\">\n<div class=\"wp-block-uagb-buttons-child uagb-buttons__outer-wrap uagb-block-cc514627 wp-block-button\"><div class=\"uagb-button__wrapper\"><a class=\"uagb-buttons-repeater wp-block-button__link\" aria-label=\"\" href=\"https:\/\/logimaxglobal.com\/es\/solutions\/\" rel=\"follow noopener\" target=\"_self\" role=\"button\"><div class=\"uagb-button__link\">DESCUBRIR<\/div><\/a><\/div><\/div>\n<\/div><\/div>\n<\/div><\/div>\n\n\n\n<div class=\"wp-block-uagb-container uagb-block-2680a5ad alignfull uagb-is-root-container\"><div class=\"uagb-container-inner-blocks-wrap\">\n<div class=\"wp-block-uagb-advanced-heading uagb-block-bc93f32d\"><h3 class=\"uagb-heading-text\"><strong>Mercados en los que operamos<\/strong><\/h3><p class=\"uagb-desc-text\">Trabajamos en mercados internacionales seleccionados mediante sourcing estructurado, coordinaci\u00f3n comercial y relaciones de negocio a largo plazo.<\/p><\/div>\n<\/div><\/div>\n\n\n\n<div class=\"wp-block-uagb-container uagb-block-3b905f6b alignfull uagb-is-root-container\"><div class=\"uagb-container-inner-blocks-wrap\">\n<div class=\"wp-block-uagb-container uagb-block-3150e9a9\">\n<div class=\"wp-block-uagb-image aligncenter uagb-block-029404d8 wp-block-uagb-image--layout-default wp-block-uagb-image--effect-static wp-block-uagb-image--align-center\"><figure class=\"wp-block-uagb-image__figure\"><img decoding=\"async\" srcset=\"https:\/\/logimaxglobal.com\/wp-content\/uploads\/2025\/01\/4-rohs.jpg ,https:\/\/logimaxglobal.com\/wp-content\/uploads\/2025\/01\/4-rohs.jpg 780w, https:\/\/logimaxglobal.com\/wp-content\/uploads\/2025\/01\/4-rohs.jpg 360w\" sizes=\"auto, (max-width: 480px) 150px\" src=\"https:\/\/logimaxglobal.com\/wp-content\/uploads\/2025\/01\/4-rohs.jpg\" alt=\"\" class=\"uag-image-3232\" width=\"100\" height=\"100\" title=\"4-rohs\" loading=\"lazy\" role=\"img\"\/><\/figure><\/div>\n<\/div>\n\n\n\n<div class=\"wp-block-uagb-container uagb-block-43f7edea\">\n<div class=\"wp-block-uagb-image aligncenter uagb-block-fc8762de wp-block-uagb-image--layout-default wp-block-uagb-image--effect-static wp-block-uagb-image--align-center\"><figure class=\"wp-block-uagb-image__figure\"><img decoding=\"async\" srcset=\"https:\/\/logimaxglobal.com\/wp-content\/uploads\/2025\/01\/3-ul.jpg ,https:\/\/logimaxglobal.com\/wp-content\/uploads\/2025\/01\/3-ul.jpg 780w, https:\/\/logimaxglobal.com\/wp-content\/uploads\/2025\/01\/3-ul.jpg 360w\" sizes=\"auto, (max-width: 480px) 150px\" src=\"https:\/\/logimaxglobal.com\/wp-content\/uploads\/2025\/01\/3-ul.jpg\" alt=\"\" class=\"uag-image-3231\" width=\"80\" height=\"80\" title=\"3-ul\" loading=\"lazy\" role=\"img\"\/><\/figure><\/div>\n<\/div>\n\n\n\n<div class=\"wp-block-uagb-container uagb-block-5c547ba7\">\n<div class=\"wp-block-uagb-image aligncenter uagb-block-466c8c26 wp-block-uagb-image--layout-default wp-block-uagb-image--effect-static wp-block-uagb-image--align-center\"><figure class=\"wp-block-uagb-image__figure\"><img decoding=\"async\" srcset=\"https:\/\/logimaxglobal.com\/wp-content\/uploads\/2025\/01\/2-cl.jpg ,https:\/\/logimaxglobal.com\/wp-content\/uploads\/2025\/01\/2-cl.jpg 780w, https:\/\/logimaxglobal.com\/wp-content\/uploads\/2025\/01\/2-cl.jpg 360w\" sizes=\"auto, (max-width: 480px) 150px\" src=\"https:\/\/logimaxglobal.com\/wp-content\/uploads\/2025\/01\/2-cl.jpg\" alt=\"\" class=\"uag-image-3230\" width=\"80\" height=\"80\" title=\"2-cl\" loading=\"lazy\" role=\"img\"\/><\/figure><\/div>\n<\/div>\n\n\n\n<div class=\"wp-block-uagb-container uagb-block-ab837842\">\n<div class=\"wp-block-uagb-image aligncenter uagb-block-080eb598 wp-block-uagb-image--layout-default wp-block-uagb-image--effect-static wp-block-uagb-image--align-center\"><figure class=\"wp-block-uagb-image__figure\"><img decoding=\"async\" srcset=\"https:\/\/logimaxglobal.com\/wp-content\/uploads\/2025\/01\/1-ccc.jpg ,https:\/\/logimaxglobal.com\/wp-content\/uploads\/2025\/01\/1-ccc.jpg 780w, https:\/\/logimaxglobal.com\/wp-content\/uploads\/2025\/01\/1-ccc.jpg 360w\" sizes=\"auto, (max-width: 480px) 150px\" src=\"https:\/\/logimaxglobal.com\/wp-content\/uploads\/2025\/01\/1-ccc.jpg\" alt=\"\" class=\"uag-image-3229\" width=\"80\" height=\"80\" title=\"1-ccc\" loading=\"lazy\" role=\"img\"\/><\/figure><\/div>\n<\/div>\n<\/div><\/div>\n\n\n\n<div class=\"wp-block-uagb-container uagb-block-dbe96949 alignfull uagb-is-root-container\"><div class=\"uagb-container-inner-blocks-wrap\">\n<div class=\"wp-block-uagb-advanced-heading uagb-block-609b96ec\"><h2 class=\"uagb-heading-text\">Conecta con LogiMAX<\/h2><p class=\"uagb-desc-text\">Nuestro equipo est\u00e1 listo para apoyarte. Completa el formulario de contacto y analizaremos c\u00f3mo desarrollar una soluci\u00f3n alineada con tus necesidades y objetivos comerciales.<\/p><\/div>\n<\/div><\/div>\n\n\n\n<div class=\"wp-block-uagb-container uagb-block-b997312a alignwide uagb-is-root-container\">\n<div class=\"wp-block-uagb-container uagb-layout-grid uagb-block-005fba1f\">\n<div class=\"wp-block-uagb-advanced-heading uagb-block-12865cae\"><h3 class=\"uagb-heading-text\">\u00bfBuscas sourcing confiable y ejecuci\u00f3n exportadora estructurada?<\/h3><p class=\"uagb-desc-text\">Perm\u00edtenos ayudarte a llevar tus proyectos al siguiente nivel. Cont\u00e1ctanos hoy y trabajemos juntos.<\/p><\/div>\n\n\n\n<div class=\"wp-block-uagb-buttons uagb-buttons__outer-wrap uagb-btn__default-btn uagb-btn-tablet__default-btn uagb-btn-mobile__default-btn uagb-block-2c953428\"><div class=\"uagb-buttons__wrap uagb-buttons-layout-wrap\">\n<div class=\"wp-block-uagb-buttons-child uagb-buttons__outer-wrap uagb-block-8bb4b826 wp-block-button\"><div class=\"uagb-button__wrapper\"><a class=\"uagb-buttons-repeater wp-block-button__link\" aria-label=\"\" href=\"https:\/\/logimaxglobal.com\/es\/contact\/\" rel=\"follow noopener\" target=\"_self\" role=\"button\"><div class=\"uagb-button__link\">HABLEMOS<\/div><span class=\"uagb-button__icon uagb-button__icon-position-after\"><svg xmlns=\"https:\/\/www.w3.org\/2000\/svg\" viewbox=\"0 0 448 512\" aria-hidden=\"true\" focussable=\"false\"><path d=\"M77.25 256l137.4-137.4c12.5-12.5 12.5-32.75 0-45.25s-32.75-12.5-45.25 0l-160 160c-12.5 12.5-12.5 32.75 0 45.25l160 160C175.6 444.9 183.8 448 192 448s16.38-3.125 22.62-9.375c12.5-12.5 12.5-32.75 0-45.25L77.25 256zM269.3 256l137.4-137.4c12.5-12.5 12.5-32.75 0-45.25s-32.75-12.5-45.25 0l-160 160c-12.5 12.5-12.5 32.75 0 45.25l160 160C367.6 444.9 375.8 448 384 448s16.38-3.125 22.62-9.375c12.5-12.5 12.5-32.75 0-45.25L269.3 256z\"><\/path><\/svg><\/span><\/a><\/div><\/div>\n<\/div><\/div>\n<\/div>\n<\/div>\n\n\n\n<p><\/p>","protected":false},"excerpt":{"rendered":"<p>What we do We identify suppliers, structure export operations, coordinate sourcing and support cross-border supply chains for companies operating in high-opportunity markets. How we work Supplier sourcing \u00b7 Export coordination \u00b7 Trade structuring \u00b7 Market-focused supply execution Markets we serve We work across selected international markets through structured sourcing, trade coordination and long-term commercial relationships. [&hellip;]<\/p>\n","protected":false},"author":1,"featured_media":0,"parent":0,"menu_order":0,"comment_status":"closed","ping_status":"closed","template":"","meta":{"_uag_custom_page_level_css":"","site-sidebar-layout":"no-sidebar","site-content-layout":"page-builder","ast-site-content-layout":"full-width-container","site-content-style":"unboxed","site-sidebar-style":"unboxed","ast-global-header-display":"","ast-banner-title-visibility":"","ast-main-header-display":"","ast-hfb-above-header-display":"","ast-hfb-below-header-display":"","ast-hfb-mobile-header-display":"","site-post-title":"disabled","ast-breadcrumbs-content":"","ast-featured-img":"disabled","footer-sml-layout":"","ast-disable-related-posts":"","theme-transparent-header-meta":"enabled","adv-header-id-meta":"","stick-header-meta":"","header-above-stick-meta":"","header-main-stick-meta":"","header-below-stick-meta":"","astra-migrate-meta-layouts":"set","ast-page-background-enabled":"default","ast-page-background-meta":{"desktop":{"background-color":"","background-image":"","background-repeat":"repeat","background-position":"center center","background-size":"auto","background-attachment":"scroll","background-type":"","background-media":"","overlay-type":"","overlay-color":"","overlay-opacity":"","overlay-gradient":""},"tablet":{"background-color":"","background-image":"","background-repeat":"repeat","background-position":"center center","background-size":"auto","background-attachment":"scroll","background-type":"","background-media":"","overlay-type":"","overlay-color":"","overlay-opacity":"","overlay-gradient":""},"mobile":{"background-color":"","background-image":"","background-repeat":"repeat","background-position":"center center","background-size":"auto","background-attachment":"scroll","background-type":"","background-media":"","overlay-type":"","overlay-color":"","overlay-opacity":"","overlay-gradient":""}},"ast-content-background-meta":{"desktop":{"background-color":"var(--ast-global-color-5)","background-image":"","background-repeat":"repeat","background-position":"center center","background-size":"auto","background-attachment":"scroll","background-type":"","background-media":"","overlay-type":"","overlay-color":"","overlay-opacity":"","overlay-gradient":""},"tablet":{"background-color":"var(--ast-global-color-5)","background-image":"","background-repeat":"repeat","background-position":"center center","background-size":"auto","background-attachment":"scroll","background-type":"","background-media":"","overlay-type":"","overlay-color":"","overlay-opacity":"","overlay-gradient":""},"mobile":{"background-color":"var(--ast-global-color-5)","background-image":"","background-repeat":"repeat","background-position":"center center","background-size":"auto","background-attachment":"scroll","background-type":"","background-media":"","overlay-type":"","overlay-color":"","overlay-opacity":"","overlay-gradient":""}},"footnotes":""},"class_list":["post-1488","page","type-page","status-publish","hentry"],"aioseo_notices":[],"uagb_featured_image_src":{"full":false,"thumbnail":false,"medium":false,"medium_large":false,"large":false,"1536x1536":false,"2048x2048":false,"trp-custom-language-flag":false},"uagb_author_info":{"display_name":"correodemartafm@gmail.com","author_link":"https:\/\/logimaxglobal.com\/es\/author\/correodemartafmgmail-com\/"},"uagb_comment_info":0,"uagb_excerpt":"What we do We identify suppliers, structure export operations, coordinate sourcing and support cross-border supply chains for companies operating in high-opportunity markets. How we work Supplier sourcing \u00b7 Export coordination \u00b7 Trade structuring \u00b7 Market-focused supply execution Markets we serve We work across selected international markets through structured sourcing, trade coordination and long-term commercial relationships.&hellip;","_links":{"self":[{"href":"https:\/\/logimaxglobal.com\/es\/wp-json\/wp\/v2\/pages\/1488","targetHints":{"allow":["GET"]}}],"collection":[{"href":"https:\/\/logimaxglobal.com\/es\/wp-json\/wp\/v2\/pages"}],"about":[{"href":"https:\/\/logimaxglobal.com\/es\/wp-json\/wp\/v2\/types\/page"}],"author":[{"embeddable":true,"href":"https:\/\/logimaxglobal.com\/es\/wp-json\/wp\/v2\/users\/1"}],"replies":[{"embeddable":true,"href":"https:\/\/logimaxglobal.com\/es\/wp-json\/wp\/v2\/comments?post=1488"}],"version-history":[{"count":27,"href":"https:\/\/logimaxglobal.com\/es\/wp-json\/wp\/v2\/pages\/1488\/revisions"}],"predecessor-version":[{"id":3365,"href":"https:\/\/logimaxglobal.com\/es\/wp-json\/wp\/v2\/pages\/1488\/revisions\/3365"}],"wp:attachment":[{"href":"https:\/\/logimaxglobal.com\/es\/wp-json\/wp\/v2\/media?parent=1488"}],"curies":[{"name":"wp","href":"https:\/\/api.w.org\/{rel}","templated":true}]}}