{"id":1490,"date":"2025-01-20T12:16:05","date_gmt":"2025-01-20T12:16:05","guid":{"rendered":"https:\/\/logimaxglobal.com\/about\/"},"modified":"2026-03-25T10:11:15","modified_gmt":"2026-03-25T10:11:15","slug":"about-us","status":"publish","type":"page","link":"https:\/\/logimaxglobal.com\/es\/about-us\/","title":{"rendered":"Qui\u00e9nes somos"},"content":{"rendered":"<div class=\"wp-block-uagb-container uagb-block-78fbda14 alignfull uagb-is-root-container\"><div class=\"uagb-container-inner-blocks-wrap\">\n<div class=\"wp-block-uagb-info-box uagb-block-38b626f9 uagb-infobox__content-wrap  uagb-infobox-icon-above-title uagb-infobox-image-valign-top\"><div class=\"uagb-ifb-content\"><div class=\"uagb-ifb-title-wrap\"><h1 class=\"uagb-ifb-title-prefix\"><strong>Qui\u00e9nes somos<\/strong><\/h1><\/div><p class=\"uagb-ifb-desc\">LogiMAX es una empresa internacional de comercio enfocada en desarrollar relaciones de suministro confiables en sectores estrat\u00e9gicos y mercados internacionales.<\/p><\/div><\/div>\n<\/div><\/div>\n\n\n\n<div class=\"wp-block-uagb-container uagb-block-0682ea1d alignfull uagb-is-root-container\"><div class=\"uagb-container-inner-blocks-wrap\">\n<div class=\"wp-block-uagb-container uagb-block-d904cbea\">\n<div class=\"wp-block-uagb-container uagb-block-37158dbe\">\n<div class=\"wp-block-uagb-info-box uagb-block-1d62cba7 uagb-infobox__content-wrap  uagb-infobox-icon-above-title uagb-infobox-image-valign-top\"><div class=\"uagb-ifb-content\"><div class=\"uagb-ifb-title-wrap\"><div class=\"uagb-ifb-separator\"><\/div><h3 class=\"uagb-ifb-title\"><strong>Nuestra visi\u00f3n<\/strong><\/h3><\/div><p class=\"uagb-ifb-desc\">Operamos en la intersecci\u00f3n del sourcing, la coordinaci\u00f3n de exportaciones y la distribuci\u00f3n orientada al mercado, ayudando a nuestros clientes a acceder a productos, proveedores y capacidad de ejecuci\u00f3n transfronteriza con mayor agilidad y control. Nuestro enfoque actual incluye nutrici\u00f3n animal, insumos agr\u00edcolas, materiales de construcci\u00f3n y categor\u00edas seleccionadas de suministro industrial.<\/p><\/div><\/div>\n<\/div>\n<\/div>\n<\/div><\/div>\n\n\n\n<div class=\"wp-block-uagb-container uagb-block-4e055757 alignfull uagb-is-root-container\"><div class=\"uagb-container-inner-blocks-wrap\">\n<div class=\"wp-block-uagb-advanced-heading uagb-block-52e6f048\"><h2 class=\"uagb-heading-text\"><strong>Our Core Values<\/strong><\/h2><\/div>\n\n\n\n<div class=\"wp-block-uagb-container uagb-block-07da9de1\">\n<div class=\"wp-block-uagb-info-box uagb-block-41b7352e uagb-infobox__content-wrap  uagb-infobox-icon-above-title uagb-infobox-image-valign-top\"><div class=\"uagb-ifb-content\"><div class=\"uagb-ifb-title-wrap\"><span class=\"uagb-ifb-title-prefix\">01.<\/span><h4 class=\"uagb-ifb-title\"><strong>Nuestros Valores Fundamentales<\/strong><\/h4><\/div><p class=\"uagb-ifb-desc\">En LogiMAX, creemos que el futuro se construye a partir de las decisiones que tomamos hoy. Por eso adoptamos pr\u00e1cticas responsables que reducen el impacto ambiental, apoyan el desarrollo de las comunidades y promueven un comercio justo. Nuestro objetivo es ser un socio confiable que no solo conecta mercados, sino que tambi\u00e9n genera valor duradero para la sociedad y el planeta.<\/p><\/div><\/div>\n\n\n\n<div class=\"wp-block-uagb-info-box uagb-block-974ef798 uagb-infobox__content-wrap  uagb-infobox-icon-above-title uagb-infobox-image-valign-top\"><div class=\"uagb-ifb-content\"><div class=\"uagb-ifb-title-wrap\"><span class=\"uagb-ifb-title-prefix\">02.<\/span><h4 class=\"uagb-ifb-title\">Eficiencia y Confiabilidad<\/h4><\/div><p class=\"uagb-ifb-desc\">La excelencia en cada etapa define nuestra forma de trabajar. Desde la planificaci\u00f3n estrat\u00e9gica hasta la ejecuci\u00f3n puntual, optimizamos cada proceso para ofrecer resultados consistentes y eficaces. <br><br>Nos enorgullece ser un aliado confiable que entiende las necesidades de sus clientes y se adapta a las exigencias del comercio internacional.<\/p><\/div><\/div>\n\n\n\n<div class=\"wp-block-uagb-info-box uagb-block-1e5ee18b uagb-infobox__content-wrap  uagb-infobox-icon-above-title uagb-infobox-image-valign-top\"><div class=\"uagb-ifb-content\"><div class=\"uagb-ifb-title-wrap\"><span class=\"uagb-ifb-title-prefix\">03.<\/span><h4 class=\"uagb-ifb-title\">Innovaci\u00f3n Constante<\/h4><\/div><p class=\"uagb-ifb-desc\">La tecnolog\u00eda es un motor clave de nuestro crecimiento. En LogiMAX, integramos soluciones avanzadas que nos ayudan a anticipar necesidades del mercado, mejorar el desempe\u00f1o y superar expectativas.<br>Innovamos no solo para mantenernos a la vanguardia, sino para ofrecer a nuestros clientes una ventaja competitiva m\u00e1s s\u00f3lida en un mercado global en constante evoluci\u00f3n.<\/p><\/div><\/div>\n<\/div>\n<\/div><\/div>\n\n\n\n<div class=\"wp-block-uagb-container uagb-block-47c5e8d5 default uagb-is-root-container\">\n<div class=\"wp-block-uagb-container uagb-block-9c40ba52\">\n<div class=\"wp-block-uagb-image uagb-block-ad65ccac wp-block-uagb-image--layout-default wp-block-uagb-image--effect-static wp-block-uagb-image--align-none\"><figure class=\"wp-block-uagb-image__figure\"><\/figure><\/div>\n<\/div>\n\n\n\n<div class=\"wp-block-uagb-container uagb-block-1ef07dee\">\n<div class=\"wp-block-uagb-advanced-heading uagb-block-f5effed3\"><h2 class=\"uagb-heading-text\"><strong>Nuestra Experiencia<\/strong><\/h2><p class=\"uagb-desc-text\">Con s\u00f3lida experiencia en comercio internacional, sourcing y coordinaci\u00f3n de suministro transfronterizo, hemos construido una red de negocios s\u00f3lida que conecta oportunidades en sectores estrat\u00e9gicos. Nuestro enfoque est\u00e1 orientado a generar valor a largo plazo, ejecuci\u00f3n confiable y crecimiento sostenible para nuestros clientes.<\/p><\/div>\n\n\n\n<div class=\"wp-block-uagb-container uagb-block-78b4f44e\"><\/div>\n\n\n\n<div class=\"wp-block-uagb-info-box uagb-block-7e32f398 uagb-infobox__content-wrap  uagb-infobox-icon-above-title uagb-infobox-image-valign-top\"><div class=\"uagb-ifb-content\"><div class=\"uagb-ifb-title-wrap\"><div class=\"uagb-ifb-separator\"><\/div><h3 class=\"uagb-ifb-title\"><strong>Nuestra visi\u00f3n<\/strong><\/h3><\/div><p class=\"uagb-ifb-desc\">Nuestra visi\u00f3n es convertirnos en un socio confiable de comercio internacional para empresas que buscan sourcing confiable, ejecuci\u00f3n exportadora estructurada y crecimiento sostenible en mercados globales. Trabajamos para conectar oferta y demanda con claridad, eficiencia y una visi\u00f3n comercial de largo plazo.<\/p><\/div><\/div>\n<\/div>\n<\/div>\n\n\n\n<div class=\"wp-block-uagb-container uagb-block-b997312a alignwide uagb-is-root-container\">\n<div class=\"wp-block-uagb-container uagb-layout-grid uagb-block-005fba1f\">\n<div class=\"wp-block-uagb-advanced-heading uagb-block-12865cae\"><h3 class=\"uagb-heading-text\">Hablemos hoy<\/h3><p class=\"uagb-desc-text\">Perm\u00edtenos ayudarte a llevar tus proyectos al siguiente nivel. Cont\u00e1ctanos hoy y construyamos juntos soluciones pr\u00e1cticas y confiables.<br><a href=\"https:\/\/logimaxglobal.com\/es\/contacto\/\"><\/a><\/p><\/div>\n\n\n\n<div class=\"wp-block-uagb-buttons uagb-buttons__outer-wrap uagb-btn__default-btn uagb-btn-tablet__default-btn uagb-btn-mobile__default-btn uagb-block-2c953428\"><div class=\"uagb-buttons__wrap uagb-buttons-layout-wrap\">\n<div class=\"wp-block-uagb-buttons-child uagb-buttons__outer-wrap uagb-block-8bb4b826 wp-block-button\"><div class=\"uagb-button__wrapper\"><a class=\"uagb-buttons-repeater wp-block-button__link\" aria-label=\"\" href=\"https:\/\/logimaxglobal.com\/es\/contact\/\" rel=\"follow noopener\" target=\"_self\" role=\"button\"><div class=\"uagb-button__link\">Cont\u00e1ctanos<\/div><\/a><\/div><\/div>\n<\/div><\/div>\n<\/div>\n<\/div>","protected":false},"excerpt":{"rendered":"<p>Our Core Values Our Experience With solid experience in international trade, sourcing, and cross-border supply coordination, we have built a strong business network that connects opportunities across strategic sectors. Our approach is focused on creating long-term value, reliable execution, and sustainable growth for our clients. Let\u2019s Talk Today Let us help take your projects to [&hellip;]<\/p>\n","protected":false},"author":1,"featured_media":0,"parent":0,"menu_order":0,"comment_status":"closed","ping_status":"closed","template":"","meta":{"_uag_custom_page_level_css":"","site-sidebar-layout":"no-sidebar","site-content-layout":"page-builder","ast-site-content-layout":"full-width-container","site-content-style":"unboxed","site-sidebar-style":"unboxed","ast-global-header-display":"","ast-banner-title-visibility":"","ast-main-header-display":"","ast-hfb-above-header-display":"","ast-hfb-below-header-display":"","ast-hfb-mobile-header-display":"","site-post-title":"disabled","ast-breadcrumbs-content":"","ast-featured-img":"disabled","footer-sml-layout":"","ast-disable-related-posts":"","theme-transparent-header-meta":"enabled","adv-header-id-meta":"","stick-header-meta":"","header-above-stick-meta":"","header-main-stick-meta":"","header-below-stick-meta":"","astra-migrate-meta-layouts":"set","ast-page-background-enabled":"default","ast-page-background-meta":{"desktop":{"background-color":"","background-image":"","background-repeat":"repeat","background-position":"center center","background-size":"auto","background-attachment":"scroll","background-type":"","background-media":"","overlay-type":"","overlay-color":"","overlay-opacity":"","overlay-gradient":""},"tablet":{"background-color":"","background-image":"","background-repeat":"repeat","background-position":"center center","background-size":"auto","background-attachment":"scroll","background-type":"","background-media":"","overlay-type":"","overlay-color":"","overlay-opacity":"","overlay-gradient":""},"mobile":{"background-color":"","background-image":"","background-repeat":"repeat","background-position":"center center","background-size":"auto","background-attachment":"scroll","background-type":"","background-media":"","overlay-type":"","overlay-color":"","overlay-opacity":"","overlay-gradient":""}},"ast-content-background-meta":{"desktop":{"background-color":"var(--ast-global-color-5)","background-image":"","background-repeat":"repeat","background-position":"center center","background-size":"auto","background-attachment":"scroll","background-type":"","background-media":"","overlay-type":"","overlay-color":"","overlay-opacity":"","overlay-gradient":""},"tablet":{"background-color":"var(--ast-global-color-5)","background-image":"","background-repeat":"repeat","background-position":"center center","background-size":"auto","background-attachment":"scroll","background-type":"","background-media":"","overlay-type":"","overlay-color":"","overlay-opacity":"","overlay-gradient":""},"mobile":{"background-color":"var(--ast-global-color-5)","background-image":"","background-repeat":"repeat","background-position":"center center","background-size":"auto","background-attachment":"scroll","background-type":"","background-media":"","overlay-type":"","overlay-color":"","overlay-opacity":"","overlay-gradient":""}},"footnotes":""},"class_list":["post-1490","page","type-page","status-publish","hentry"],"aioseo_notices":[],"uagb_featured_image_src":{"full":false,"thumbnail":false,"medium":false,"medium_large":false,"large":false,"1536x1536":false,"2048x2048":false,"trp-custom-language-flag":false},"uagb_author_info":{"display_name":"correodemartafm@gmail.com","author_link":"https:\/\/logimaxglobal.com\/es\/author\/correodemartafmgmail-com\/"},"uagb_comment_info":0,"uagb_excerpt":"Our Core Values Our Experience With solid experience in international trade, sourcing, and cross-border supply coordination, we have built a strong business network that connects opportunities across strategic sectors. Our approach is focused on creating long-term value, reliable execution, and sustainable growth for our clients. Let\u2019s Talk Today Let us help take your projects to&hellip;","_links":{"self":[{"href":"https:\/\/logimaxglobal.com\/es\/wp-json\/wp\/v2\/pages\/1490","targetHints":{"allow":["GET"]}}],"collection":[{"href":"https:\/\/logimaxglobal.com\/es\/wp-json\/wp\/v2\/pages"}],"about":[{"href":"https:\/\/logimaxglobal.com\/es\/wp-json\/wp\/v2\/types\/page"}],"author":[{"embeddable":true,"href":"https:\/\/logimaxglobal.com\/es\/wp-json\/wp\/v2\/users\/1"}],"replies":[{"embeddable":true,"href":"https:\/\/logimaxglobal.com\/es\/wp-json\/wp\/v2\/comments?post=1490"}],"version-history":[{"count":13,"href":"https:\/\/logimaxglobal.com\/es\/wp-json\/wp\/v2\/pages\/1490\/revisions"}],"predecessor-version":[{"id":3366,"href":"https:\/\/logimaxglobal.com\/es\/wp-json\/wp\/v2\/pages\/1490\/revisions\/3366"}],"wp:attachment":[{"href":"https:\/\/logimaxglobal.com\/es\/wp-json\/wp\/v2\/media?parent=1490"}],"curies":[{"name":"wp","href":"https:\/\/api.w.org\/{rel}","templated":true}]}}