{"id":1492,"date":"2025-01-20T12:16:05","date_gmt":"2025-01-20T12:16:05","guid":{"rendered":"https:\/\/logimaxglobal.com\/services\/"},"modified":"2026-03-25T10:12:24","modified_gmt":"2026-03-25T10:12:24","slug":"solutions","status":"publish","type":"page","link":"https:\/\/logimaxglobal.com\/es\/solutions\/","title":{"rendered":"Soluciones"},"content":{"rendered":"<div class=\"wp-block-uagb-container uagb-block-a8606d6e alignfull uagb-is-root-container\"><div class=\"uagb-container-inner-blocks-wrap\">\n<div class=\"wp-block-uagb-info-box uagb-block-614c16d2 uagb-infobox__content-wrap  uagb-infobox-icon-above-title uagb-infobox-image-valign-top\"><div class=\"uagb-ifb-content\"><div class=\"uagb-ifb-title-wrap\"><h1 class=\"uagb-ifb-title-prefix\"><strong>Soluciones Internacionales<\/strong><\/h1><h4 class=\"uagb-ifb-title\">Sourcing estructurado y ejecuci\u00f3n comercial para mercados estrat\u00e9gicos<\/h4><\/div><p class=\"uagb-ifb-desc\">LogiMAX apoya a clientes internacionales mediante soluciones de sourcing, abastecimiento y comercio transfronterizo. Nuestro enfoque combina disciplina comercial, ejecuci\u00f3n confiable y suministro estructurado en sectores clave.<\/p><\/div><\/div>\n<\/div><\/div>\n\n\n\n<div class=\"wp-block-uagb-container uagb-block-ebeffa70 alignfull uagb-is-root-container\"><div class=\"uagb-container-inner-blocks-wrap\">\n<div class=\"wp-block-uagb-advanced-heading uagb-block-351c22b1\"><h2 class=\"uagb-heading-text\">Agroalimentaci\u00f3n y Suministro Especializado<\/h2><p class=\"uagb-desc-text\">Apoyamos operaciones internacionales de suministro en categor\u00edas agroalimentarias seleccionadas, ofreciendo sourcing estructurado, coordinaci\u00f3n de abastecimiento y ejecuci\u00f3n comercial para clientes que operan en mercados estrat\u00e9gicos. Nuestro enfoque combina conocimiento sectorial, sourcing confiable y ejecuci\u00f3n internacional pr\u00e1ctica.<\/p><\/div>\n\n\n\n<div class=\"wp-block-uagb-container uagb-block-a85bf556\">\n<div class=\"wp-block-uagb-container uagb-block-ab0afac0\">\n<div class=\"wp-block-uagb-info-box uagb-block-71635d1f uagb-infobox__content-wrap  uagb-infobox-icon-above-title uagb-infobox-image-valign-top\"><div class=\"uagb-ifb-content\"><div class=\"uagb-ifb-icon-wrap\"><svg xmlns=\"https:\/\/www.w3.org\/2000\/svg\" viewbox=\"0 0 448 512\"><path d=\"M384 32C419.3 32 448 60.65 448 96V416C448 451.3 419.3 480 384 480H64C28.65 480 0 451.3 0 416V96C0 60.65 28.65 32 64 32H384zM339.8 211.8C350.7 200.9 350.7 183.1 339.8 172.2C328.9 161.3 311.1 161.3 300.2 172.2L192 280.4L147.8 236.2C136.9 225.3 119.1 225.3 108.2 236.2C97.27 247.1 97.27 264.9 108.2 275.8L172.2 339.8C183.1 350.7 200.9 350.7 211.8 339.8L339.8 211.8z\"><\/path><\/svg><\/div><div class=\"uagb-ifb-title-wrap\"><h4 class=\"uagb-ifb-title\"><strong><strong>Nutrici\u00f3n Animal<\/strong><\/strong><\/h4><\/div><p class=\"uagb-ifb-desc\">Apoyamos el sourcing y abastecimiento de productos vinculados a la nutrici\u00f3n animal, incluyendo piensos, ingredientes, concentrados y soluciones seleccionadas para operaciones pecuarias. Nuestro enfoque est\u00e1 en alinear requerimientos de producto, consistencia del suministro y viabilidad comercial para respaldar un desempe\u00f1o confiable en mercados internacionales.<\/p><\/div><\/div>\n\n\n\n<div class=\"wp-block-uagb-image uagb-block-ea853f45 wp-block-uagb-image--layout-default wp-block-uagb-image--effect-static wp-block-uagb-image--align-none\"><figure class=\"wp-block-uagb-image__figure\"><img decoding=\"async\" srcset=\"https:\/\/logimaxglobal.com\/wp-content\/uploads\/2025\/01\/piensos-animales.jpg ,https:\/\/logimaxglobal.com\/wp-content\/uploads\/2025\/01\/piensos-animales.jpg 780w, https:\/\/logimaxglobal.com\/wp-content\/uploads\/2025\/01\/piensos-animales.jpg 360w\" sizes=\"auto, (max-width: 480px) 150px\" src=\"https:\/\/logimaxglobal.com\/wp-content\/uploads\/2025\/01\/piensos-animales.jpg\" alt=\"\" class=\"uag-image-3308\" width=\"550\" height=\"550\" title=\"piensos-animales\" loading=\"lazy\" role=\"img\"\/><\/figure><\/div>\n<\/div>\n\n\n\n<div class=\"wp-block-uagb-container uagb-block-0bfd07ac\">\n<div class=\"wp-block-uagb-info-box uagb-block-06bf2df8 uagb-infobox__content-wrap  uagb-infobox-icon-above-title uagb-infobox-image-valign-top\"><div class=\"uagb-ifb-content\"><div class=\"uagb-ifb-icon-wrap\"><svg xmlns=\"https:\/\/www.w3.org\/2000\/svg\" viewbox=\"0 0 448 512\"><path d=\"M384 32C419.3 32 448 60.65 448 96V416C448 451.3 419.3 480 384 480H64C28.65 480 0 451.3 0 416V96C0 60.65 28.65 32 64 32H384zM339.8 211.8C350.7 200.9 350.7 183.1 339.8 172.2C328.9 161.3 311.1 161.3 300.2 172.2L192 280.4L147.8 236.2C136.9 225.3 119.1 225.3 108.2 236.2C97.27 247.1 97.27 264.9 108.2 275.8L172.2 339.8C183.1 350.7 200.9 350.7 211.8 339.8L339.8 211.8z\"><\/path><\/svg><\/div><div class=\"uagb-ifb-title-wrap\"><h4 class=\"uagb-ifb-title\"><strong>Insumos Agr\u00edcolas<\/strong><\/h4><\/div><p class=\"uagb-ifb-desc\">Trabajamos con insumos agr\u00edcolas seleccionados, incluyendo fertilizantes, materias primas y categor\u00edas de suministro que respaldan la productividad y el desempe\u00f1o operativo. Ayudamos a estructurar alternativas de sourcing con un enfoque claro en calidad, viabilidad comercial y ejecuci\u00f3n internacional confiable.<\/p><\/div><\/div>\n\n\n\n<div class=\"wp-block-uagb-image uagb-block-dc97ad66 wp-block-uagb-image--layout-default wp-block-uagb-image--effect-static wp-block-uagb-image--align-none\"><figure class=\"wp-block-uagb-image__figure\"><img decoding=\"async\" srcset=\"https:\/\/logimaxglobal.com\/wp-content\/uploads\/2025\/01\/abono.jpg ,https:\/\/logimaxglobal.com\/wp-content\/uploads\/2025\/01\/abono.jpg 780w, https:\/\/logimaxglobal.com\/wp-content\/uploads\/2025\/01\/abono.jpg 360w\" sizes=\"auto, (max-width: 480px) 150px\" src=\"https:\/\/logimaxglobal.com\/wp-content\/uploads\/2025\/01\/abono.jpg\" alt=\"\" class=\"uag-image-3309\" width=\"550\" height=\"550\" title=\"abono\" loading=\"lazy\" role=\"img\"\/><\/figure><\/div>\n<\/div>\n\n\n\n<div class=\"wp-block-uagb-container uagb-block-0751e713\">\n<div class=\"wp-block-uagb-info-box uagb-block-d0505e23 uagb-infobox__content-wrap  uagb-infobox-icon-above-title uagb-infobox-image-valign-top\"><div class=\"uagb-ifb-content\"><div class=\"uagb-ifb-icon-wrap\"><svg xmlns=\"https:\/\/www.w3.org\/2000\/svg\" viewbox=\"0 0 448 512\"><path d=\"M384 32C419.3 32 448 60.65 448 96V416C448 451.3 419.3 480 384 480H64C28.65 480 0 451.3 0 416V96C0 60.65 28.65 32 64 32H384zM339.8 211.8C350.7 200.9 350.7 183.1 339.8 172.2C328.9 161.3 311.1 161.3 300.2 172.2L192 280.4L147.8 236.2C136.9 225.3 119.1 225.3 108.2 236.2C97.27 247.1 97.27 264.9 108.2 275.8L172.2 339.8C183.1 350.7 200.9 350.7 211.8 339.8L339.8 211.8z\"><\/path><\/svg><\/div><div class=\"uagb-ifb-title-wrap\"><h4 class=\"uagb-ifb-title\"><strong>Biotecnolog\u00eda<\/strong><\/h4><\/div><p class=\"uagb-ifb-desc\">Participamos en categor\u00edas especializadas de biotecnolog\u00eda vinculadas a aplicaciones productivas y agroindustriales. Evaluamos oportunidades de sourcing con atenci\u00f3n a la calidad, la adecuaci\u00f3n t\u00e9cnica y la ejecuci\u00f3n comercial, ayudando a nuestros clientes a estructurar operaciones de suministro m\u00e1s complejas con mayor confiabilidad y control.<\/p><\/div><\/div>\n\n\n\n<div class=\"wp-block-uagb-image uagb-block-03d31624 wp-block-uagb-image--layout-default wp-block-uagb-image--effect-static wp-block-uagb-image--align-none\"><figure class=\"wp-block-uagb-image__figure\"><img decoding=\"async\" srcset=\"https:\/\/logimaxglobal.com\/wp-content\/uploads\/2025\/01\/Biotecnologia-pastillas.jpg ,https:\/\/logimaxglobal.com\/wp-content\/uploads\/2025\/01\/Biotecnologia-pastillas.jpg 780w, https:\/\/logimaxglobal.com\/wp-content\/uploads\/2025\/01\/Biotecnologia-pastillas.jpg 360w\" sizes=\"auto, (max-width: 480px) 150px\" src=\"https:\/\/logimaxglobal.com\/wp-content\/uploads\/2025\/01\/Biotecnologia-pastillas.jpg\" alt=\"\" class=\"uag-image-3210\" width=\"550\" height=\"550\" title=\"Biotecnologi\u0301a-pastillas\" loading=\"lazy\" role=\"img\"\/><\/figure><\/div>\n<\/div>\n<\/div>\n<\/div><\/div>\n\n\n\n<div class=\"wp-block-uagb-container uagb-block-ab73dbfa alignfull uagb-is-root-container\"><div class=\"uagb-container-inner-blocks-wrap\">\n<div class=\"wp-block-uagb-advanced-heading uagb-block-1f4f9119\"><h2 class=\"uagb-heading-text\">Construcci\u00f3n, Industria y Suministro Comercial<\/h2><\/div>\n\n\n\n<div class=\"wp-block-uagb-container uagb-block-5713f808\">\n<div class=\"wp-block-uagb-container uagb-block-ae75da34\">\n<div class=\"wp-block-uagb-info-box uagb-block-43d08b2d uagb-infobox__content-wrap  uagb-infobox-icon-above-title uagb-infobox-image-valign-top\"><div class=\"uagb-ifb-content\"><div class=\"uagb-ifb-icon-wrap\"><svg xmlns=\"https:\/\/www.w3.org\/2000\/svg\" viewbox=\"0 0 448 512\"><path d=\"M384 32C419.3 32 448 60.65 448 96V416C448 451.3 419.3 480 384 480H64C28.65 480 0 451.3 0 416V96C0 60.65 28.65 32 64 32H384zM339.8 211.8C350.7 200.9 350.7 183.1 339.8 172.2C328.9 161.3 311.1 161.3 300.2 172.2L192 280.4L147.8 236.2C136.9 225.3 119.1 225.3 108.2 236.2C97.27 247.1 97.27 264.9 108.2 275.8L172.2 339.8C183.1 350.7 200.9 350.7 211.8 339.8L339.8 211.8z\"><\/path><\/svg><\/div><div class=\"uagb-ifb-title-wrap\"><h4 class=\"uagb-ifb-title\">Suministro Alimentario<\/h4><\/div><p class=\"uagb-ifb-desc\">Tambi\u00e9n apoyamos categor\u00edas seleccionadas de suministro relacionadas con productos alimentarios y distribuci\u00f3n comercial.<br><br><br>Nuestro enfoque se centra en la calidad, la continuidad del suministro y la alineaci\u00f3n con los requerimientos operativos y de mercado de cada cliente.<\/p><\/div><\/div>\n\n\n\n<div class=\"wp-block-uagb-image uagb-block-a51c1fc8 wp-block-uagb-image--layout-default wp-block-uagb-image--effect-static wp-block-uagb-image--align-none\"><figure class=\"wp-block-uagb-image__figure\"><img decoding=\"async\" srcset=\"https:\/\/logimaxglobal.com\/wp-content\/uploads\/2025\/01\/refrescos.jpg ,https:\/\/logimaxglobal.com\/wp-content\/uploads\/2025\/01\/refrescos.jpg 780w, https:\/\/logimaxglobal.com\/wp-content\/uploads\/2025\/01\/refrescos.jpg 360w\" sizes=\"auto, (max-width: 480px) 150px\" src=\"https:\/\/logimaxglobal.com\/wp-content\/uploads\/2025\/01\/refrescos.jpg\" alt=\"\" class=\"uag-image-3310\" width=\"550\" height=\"550\" title=\"refrescos\" loading=\"lazy\" role=\"img\"\/><\/figure><\/div>\n<\/div>\n\n\n\n<div class=\"wp-block-uagb-container uagb-block-fd3638a8\">\n<div class=\"wp-block-uagb-info-box uagb-block-63ca75a5 uagb-infobox__content-wrap  uagb-infobox-icon-above-title uagb-infobox-image-valign-top\"><div class=\"uagb-ifb-content\"><div class=\"uagb-ifb-icon-wrap\"><svg xmlns=\"https:\/\/www.w3.org\/2000\/svg\" viewbox=\"0 0 448 512\"><path d=\"M384 32C419.3 32 448 60.65 448 96V416C448 451.3 419.3 480 384 480H64C28.65 480 0 451.3 0 416V96C0 60.65 28.65 32 64 32H384zM339.8 211.8C350.7 200.9 350.7 183.1 339.8 172.2C328.9 161.3 311.1 161.3 300.2 172.2L192 280.4L147.8 236.2C136.9 225.3 119.1 225.3 108.2 236.2C97.27 247.1 97.27 264.9 108.2 275.8L172.2 339.8C183.1 350.7 200.9 350.7 211.8 339.8L339.8 211.8z\"><\/path><\/svg><\/div><div class=\"uagb-ifb-title-wrap\"><h4 class=\"uagb-ifb-title\">Materiales de Construcci\u00f3n<\/h4><\/div><p class=\"uagb-ifb-desc\">Apoyamos el sourcing y la coordinaci\u00f3n de suministro de materiales y componentes para proyectos de construcci\u00f3n, mantenimiento e infraestructura. Priorizamos disponibilidad, consistencia y viabilidad comercial para ayudar a nuestros clientes a ejecutar operaciones de abastecimiento en proyectos de distinta escala.<\/p><\/div><\/div>\n\n\n\n<div class=\"wp-block-uagb-image uagb-block-2add9f76 wp-block-uagb-image--layout-default wp-block-uagb-image--effect-static wp-block-uagb-image--align-none\"><figure class=\"wp-block-uagb-image__figure\"><img decoding=\"async\" srcset=\"https:\/\/logimaxglobal.com\/wp-content\/uploads\/2025\/01\/acero.jpg ,https:\/\/logimaxglobal.com\/wp-content\/uploads\/2025\/01\/acero.jpg 780w, https:\/\/logimaxglobal.com\/wp-content\/uploads\/2025\/01\/acero.jpg 360w\" sizes=\"auto, (max-width: 480px) 150px\" src=\"https:\/\/logimaxglobal.com\/wp-content\/uploads\/2025\/01\/acero.jpg\" alt=\"\" class=\"uag-image-3253\" width=\"550\" height=\"550\" title=\"acero\" loading=\"lazy\" role=\"img\"\/><\/figure><\/div>\n<\/div>\n\n\n\n<div class=\"wp-block-uagb-container uagb-block-d9e0ca37\">\n<div class=\"wp-block-uagb-info-box uagb-block-5e898302 uagb-infobox__content-wrap  uagb-infobox-icon-above-title uagb-infobox-image-valign-top\"><div class=\"uagb-ifb-content\"><div class=\"uagb-ifb-icon-wrap\"><svg xmlns=\"https:\/\/www.w3.org\/2000\/svg\" viewbox=\"0 0 448 512\"><path d=\"M384 32C419.3 32 448 60.65 448 96V416C448 451.3 419.3 480 384 480H64C28.65 480 0 451.3 0 416V96C0 60.65 28.65 32 64 32H384zM339.8 211.8C350.7 200.9 350.7 183.1 339.8 172.2C328.9 161.3 311.1 161.3 300.2 172.2L192 280.4L147.8 236.2C136.9 225.3 119.1 225.3 108.2 236.2C97.27 247.1 97.27 264.9 108.2 275.8L172.2 339.8C183.1 350.7 200.9 350.7 211.8 339.8L339.8 211.8z\"><\/path><\/svg><\/div><div class=\"uagb-ifb-title-wrap\"><h4 class=\"uagb-ifb-title\">Electr\u00f3nica y Equipamiento<\/h4><\/div><p class=\"uagb-ifb-desc\">Desarrollamos oportunidades de sourcing en categor\u00edas seleccionadas de electr\u00f3nica, equipamiento y productos comerciales. Nuestro enfoque est\u00e1 en identificar opciones de suministro confiables, estructurar oportunidades de compra y apoyar la ejecuci\u00f3n transfronteriza con un enfoque pr\u00e1ctico y orientado al mercado.<\/p><\/div><\/div>\n\n\n\n<div class=\"wp-block-uagb-image uagb-block-38772ebf wp-block-uagb-image--layout-default wp-block-uagb-image--effect-static wp-block-uagb-image--align-none\"><figure class=\"wp-block-uagb-image__figure\"><img decoding=\"async\" srcset=\"https:\/\/logimaxglobal.com\/wp-content\/uploads\/2025\/01\/ordenador.jpg ,https:\/\/logimaxglobal.com\/wp-content\/uploads\/2025\/01\/ordenador.jpg 780w, https:\/\/logimaxglobal.com\/wp-content\/uploads\/2025\/01\/ordenador.jpg 360w\" sizes=\"auto, (max-width: 480px) 150px\" src=\"https:\/\/logimaxglobal.com\/wp-content\/uploads\/2025\/01\/ordenador.jpg\" alt=\"\" class=\"uag-image-3254\" width=\"550\" height=\"550\" title=\"ordenador\" loading=\"lazy\" role=\"img\"\/><\/figure><\/div>\n<\/div>\n<\/div>\n<\/div><\/div>\n\n\n\n<div class=\"wp-block-uagb-container uagb-block-4c8c5d96 alignfull uagb-is-root-container\"><div class=\"uagb-container-inner-blocks-wrap\">\n<div class=\"wp-block-uagb-advanced-heading uagb-block-2ea08763\"><h2 class=\"uagb-heading-text\"><strong>Cumplimiento Normativo y Est\u00e1ndares de Producto<\/strong><\/h2><p class=\"uagb-desc-text\">Apoyamos operaciones de sourcing y abastecimiento prestando atenci\u00f3n a los requisitos del producto, las normas aplicables y las consideraciones de cumplimiento espec\u00edficas de cada mercado. Cuando corresponde, ayudamos a alinear oportunidades con certificaciones reconocidas y marcos t\u00e9cnicos requeridos para la ejecuci\u00f3n comercial internacional.<\/p><\/div>\n\n\n\n<div class=\"wp-block-uagb-container uagb-block-0c228191 alignfull uagb-is-root-container\"><div class=\"uagb-container-inner-blocks-wrap\">\n<div class=\"wp-block-uagb-container uagb-block-034ea77f\">\n<div class=\"wp-block-uagb-image aligncenter uagb-block-82e5896c wp-block-uagb-image--layout-default wp-block-uagb-image--effect-static wp-block-uagb-image--align-center\"><figure class=\"wp-block-uagb-image__figure\"><img decoding=\"async\" srcset=\"https:\/\/logimaxglobal.com\/wp-content\/uploads\/2025\/01\/4-rohs.jpg ,https:\/\/logimaxglobal.com\/wp-content\/uploads\/2025\/01\/4-rohs.jpg 780w, https:\/\/logimaxglobal.com\/wp-content\/uploads\/2025\/01\/4-rohs.jpg 360w\" sizes=\"auto, (max-width: 480px) 150px\" src=\"https:\/\/logimaxglobal.com\/wp-content\/uploads\/2025\/01\/4-rohs.jpg\" alt=\"\" class=\"uag-image-3232\" width=\"100\" height=\"83\" title=\"4-rohs\" loading=\"lazy\" role=\"img\"\/><\/figure><\/div>\n<\/div>\n\n\n\n<div class=\"wp-block-uagb-container uagb-block-a6ca00da\">\n<div class=\"wp-block-uagb-image aligncenter uagb-block-c251e729 wp-block-uagb-image--layout-default wp-block-uagb-image--effect-static wp-block-uagb-image--align-center\"><figure class=\"wp-block-uagb-image__figure\"><img decoding=\"async\" srcset=\"https:\/\/logimaxglobal.com\/wp-content\/uploads\/2025\/01\/2-cl.jpg ,https:\/\/logimaxglobal.com\/wp-content\/uploads\/2025\/01\/2-cl.jpg 780w, https:\/\/logimaxglobal.com\/wp-content\/uploads\/2025\/01\/2-cl.jpg 360w\" sizes=\"auto, (max-width: 480px) 150px\" src=\"https:\/\/logimaxglobal.com\/wp-content\/uploads\/2025\/01\/2-cl.jpg\" alt=\"\" class=\"uag-image-3230\" width=\"100\" height=\"83\" title=\"2-cl\" loading=\"lazy\" role=\"img\"\/><\/figure><\/div>\n<\/div>\n\n\n\n<div class=\"wp-block-uagb-container uagb-block-4587cb35\">\n<div class=\"wp-block-uagb-image aligncenter uagb-block-f0d95874 wp-block-uagb-image--layout-default wp-block-uagb-image--effect-static wp-block-uagb-image--align-center\"><figure class=\"wp-block-uagb-image__figure\"><img decoding=\"async\" srcset=\"https:\/\/logimaxglobal.com\/wp-content\/uploads\/2025\/01\/3-ul.jpg ,https:\/\/logimaxglobal.com\/wp-content\/uploads\/2025\/01\/3-ul.jpg 780w, https:\/\/logimaxglobal.com\/wp-content\/uploads\/2025\/01\/3-ul.jpg 360w\" sizes=\"auto, (max-width: 480px) 150px\" src=\"https:\/\/logimaxglobal.com\/wp-content\/uploads\/2025\/01\/3-ul.jpg\" alt=\"\" class=\"uag-image-3231\" width=\"100\" height=\"83\" title=\"3-ul\" loading=\"lazy\" role=\"img\"\/><\/figure><\/div>\n<\/div>\n\n\n\n<div class=\"wp-block-uagb-container uagb-block-2e408ff7\">\n<div class=\"wp-block-uagb-image aligncenter uagb-block-8449d117 wp-block-uagb-image--layout-default wp-block-uagb-image--effect-static wp-block-uagb-image--align-center\"><figure class=\"wp-block-uagb-image__figure\"><img decoding=\"async\" srcset=\"https:\/\/logimaxglobal.com\/wp-content\/uploads\/2025\/01\/1-ccc.jpg ,https:\/\/logimaxglobal.com\/wp-content\/uploads\/2025\/01\/1-ccc.jpg 780w, https:\/\/logimaxglobal.com\/wp-content\/uploads\/2025\/01\/1-ccc.jpg 360w\" sizes=\"auto, (max-width: 480px) 150px\" src=\"https:\/\/logimaxglobal.com\/wp-content\/uploads\/2025\/01\/1-ccc.jpg\" alt=\"\" class=\"uag-image-3229\" width=\"100\" height=\"83\" title=\"1-ccc\" loading=\"lazy\" role=\"img\"\/><\/figure><\/div>\n<\/div>\n<\/div><\/div>\n<\/div><\/div>\n\n\n\n<div class=\"wp-block-uagb-container uagb-block-b997312a alignwide uagb-is-root-container\">\n<div class=\"wp-block-uagb-container uagb-layout-grid uagb-block-005fba1f\">\n<div class=\"wp-block-uagb-advanced-heading uagb-block-12865cae\"><h3 class=\"uagb-heading-text\">Empecemos la conversaci\u00f3n<\/h3><p class=\"uagb-desc-text\">Ayudamos a las empresas a avanzar mediante sourcing confiable, soluciones de suministro estructuradas y ejecuci\u00f3n internacional pr\u00e1ctica. Ponte en contacto con nosotros y exploremos c\u00f3mo LogiMAX puede apoyar tus objetivos comerciales.<\/p><\/div>\n\n\n\n<div class=\"wp-block-uagb-buttons uagb-buttons__outer-wrap uagb-btn__default-btn uagb-btn-tablet__default-btn uagb-btn-mobile__default-btn uagb-block-2c953428\"><div class=\"uagb-buttons__wrap uagb-buttons-layout-wrap\">\n<div class=\"wp-block-uagb-buttons-child uagb-buttons__outer-wrap uagb-block-8bb4b826 wp-block-button\"><div class=\"uagb-button__wrapper\"><a class=\"uagb-buttons-repeater wp-block-button__link\" aria-label=\"\" href=\"https:\/\/logimaxglobal.com\/es\/contact\/\" rel=\"follow noopener\" target=\"_self\" role=\"button\"><div class=\"uagb-button__link\">PONTE EN CONTACTO<\/div><span class=\"uagb-button__icon uagb-button__icon-position-after\"><svg xmlns=\"https:\/\/www.w3.org\/2000\/svg\" viewbox=\"0 0 448 512\" aria-hidden=\"true\" focussable=\"false\"><path d=\"M77.25 256l137.4-137.4c12.5-12.5 12.5-32.75 0-45.25s-32.75-12.5-45.25 0l-160 160c-12.5 12.5-12.5 32.75 0 45.25l160 160C175.6 444.9 183.8 448 192 448s16.38-3.125 22.62-9.375c12.5-12.5 12.5-32.75 0-45.25L77.25 256zM269.3 256l137.4-137.4c12.5-12.5 12.5-32.75 0-45.25s-32.75-12.5-45.25 0l-160 160c-12.5 12.5-12.5 32.75 0 45.25l160 160C367.6 444.9 375.8 448 384 448s16.38-3.125 22.62-9.375c12.5-12.5 12.5-32.75 0-45.25L269.3 256z\"><\/path><\/svg><\/span><\/a><\/div><\/div>\n<\/div><\/div>\n<\/div>\n<\/div>","protected":false},"excerpt":{"rendered":"<p>Agri-Food &amp; Specialized Supply We support international supply operations across selected agri-food categories, providing structured sourcing, supply coordination, and commercial execution for clients operating in strategic markets. Our approach combines sector focus, reliable sourcing, and practical international execution. Construction, Industry &amp; Commercial Supply Compliance &amp; Product Standards We support sourcing and supply operations with attention [&hellip;]<\/p>\n","protected":false},"author":1,"featured_media":0,"parent":0,"menu_order":0,"comment_status":"closed","ping_status":"closed","template":"","meta":{"_uag_custom_page_level_css":"","site-sidebar-layout":"no-sidebar","site-content-layout":"page-builder","ast-site-content-layout":"full-width-container","site-content-style":"unboxed","site-sidebar-style":"unboxed","ast-global-header-display":"","ast-banner-title-visibility":"","ast-main-header-display":"","ast-hfb-above-header-display":"","ast-hfb-below-header-display":"","ast-hfb-mobile-header-display":"","site-post-title":"disabled","ast-breadcrumbs-content":"","ast-featured-img":"disabled","footer-sml-layout":"","ast-disable-related-posts":"","theme-transparent-header-meta":"enabled","adv-header-id-meta":"","stick-header-meta":"","header-above-stick-meta":"","header-main-stick-meta":"","header-below-stick-meta":"","astra-migrate-meta-layouts":"set","ast-page-background-enabled":"default","ast-page-background-meta":{"desktop":{"background-color":"","background-image":"","background-repeat":"repeat","background-position":"center center","background-size":"auto","background-attachment":"scroll","background-type":"","background-media":"","overlay-type":"","overlay-color":"","overlay-opacity":"","overlay-gradient":""},"tablet":{"background-color":"","background-image":"","background-repeat":"repeat","background-position":"center center","background-size":"auto","background-attachment":"scroll","background-type":"","background-media":"","overlay-type":"","overlay-color":"","overlay-opacity":"","overlay-gradient":""},"mobile":{"background-color":"","background-image":"","background-repeat":"repeat","background-position":"center center","background-size":"auto","background-attachment":"scroll","background-type":"","background-media":"","overlay-type":"","overlay-color":"","overlay-opacity":"","overlay-gradient":""}},"ast-content-background-meta":{"desktop":{"background-color":"var(--ast-global-color-5)","background-image":"","background-repeat":"repeat","background-position":"center center","background-size":"auto","background-attachment":"scroll","background-type":"","background-media":"","overlay-type":"","overlay-color":"","overlay-opacity":"","overlay-gradient":""},"tablet":{"background-color":"var(--ast-global-color-5)","background-image":"","background-repeat":"repeat","background-position":"center center","background-size":"auto","background-attachment":"scroll","background-type":"","background-media":"","overlay-type":"","overlay-color":"","overlay-opacity":"","overlay-gradient":""},"mobile":{"background-color":"var(--ast-global-color-5)","background-image":"","background-repeat":"repeat","background-position":"center center","background-size":"auto","background-attachment":"scroll","background-type":"","background-media":"","overlay-type":"","overlay-color":"","overlay-opacity":"","overlay-gradient":""}},"footnotes":""},"class_list":["post-1492","page","type-page","status-publish","hentry"],"aioseo_notices":[],"uagb_featured_image_src":{"full":false,"thumbnail":false,"medium":false,"medium_large":false,"large":false,"1536x1536":false,"2048x2048":false,"trp-custom-language-flag":false},"uagb_author_info":{"display_name":"correodemartafm@gmail.com","author_link":"https:\/\/logimaxglobal.com\/es\/author\/correodemartafmgmail-com\/"},"uagb_comment_info":0,"uagb_excerpt":"Agri-Food &amp; Specialized Supply We support international supply operations across selected agri-food categories, providing structured sourcing, supply coordination, and commercial execution for clients operating in strategic markets. Our approach combines sector focus, reliable sourcing, and practical international execution. Construction, Industry &amp; Commercial Supply Compliance &amp; Product Standards We support sourcing and supply operations with attention&hellip;","_links":{"self":[{"href":"https:\/\/logimaxglobal.com\/es\/wp-json\/wp\/v2\/pages\/1492","targetHints":{"allow":["GET"]}}],"collection":[{"href":"https:\/\/logimaxglobal.com\/es\/wp-json\/wp\/v2\/pages"}],"about":[{"href":"https:\/\/logimaxglobal.com\/es\/wp-json\/wp\/v2\/types\/page"}],"author":[{"embeddable":true,"href":"https:\/\/logimaxglobal.com\/es\/wp-json\/wp\/v2\/users\/1"}],"replies":[{"embeddable":true,"href":"https:\/\/logimaxglobal.com\/es\/wp-json\/wp\/v2\/comments?post=1492"}],"version-history":[{"count":11,"href":"https:\/\/logimaxglobal.com\/es\/wp-json\/wp\/v2\/pages\/1492\/revisions"}],"predecessor-version":[{"id":3367,"href":"https:\/\/logimaxglobal.com\/es\/wp-json\/wp\/v2\/pages\/1492\/revisions\/3367"}],"wp:attachment":[{"href":"https:\/\/logimaxglobal.com\/es\/wp-json\/wp\/v2\/media?parent=1492"}],"curies":[{"name":"wp","href":"https:\/\/api.w.org\/{rel}","templated":true}]}}